{"id":1310,"date":"2026-03-24T14:37:48","date_gmt":"2026-03-24T14:37:48","guid":{"rendered":"https:\/\/www.orbis.garden\/verantwortungsvoll-nachhaltig\/"},"modified":"2026-04-07T13:14:54","modified_gmt":"2026-04-07T13:14:54","slug":"verantwortungsvoll-nachhaltig","status":"publish","type":"page","link":"https:\/\/www.orbis.garden\/de\/verantwortungsvoll-nachhaltig\/","title":{"rendered":"Verantwortungsvoll &amp; nachhaltig"},"content":{"rendered":"\t\t<div data-elementor-type=\"wp-page\" data-elementor-id=\"1310\" class=\"elementor elementor-1310 elementor-947\" data-elementor-post-type=\"page\">\n\t\t\t\t<div class=\"elementor-element elementor-element-a312017 e-flex e-con-boxed e-con e-parent\" data-id=\"a312017\" data-element_type=\"container\" data-e-type=\"container\" data-settings=\"{&quot;background_background&quot;:&quot;classic&quot;}\">\n\t\t\t\t\t<div class=\"e-con-inner\">\n\t\t<div class=\"elementor-element elementor-element-723bb91 e-con-full e-flex e-con e-child\" data-id=\"723bb91\" data-element_type=\"container\" data-e-type=\"container\">\n\t\t\t\t<div class=\"elementor-element elementor-element-1435115 elementor-widget elementor-widget-spacer\" data-id=\"1435115\" data-element_type=\"widget\" data-e-type=\"widget\" data-widget_type=\"spacer.default\">\n\t\t\t\t\t\t\t<div class=\"elementor-spacer\">\n\t\t\t<div class=\"elementor-spacer-inner\"><\/div>\n\t\t<\/div>\n\t\t\t\t\t\t<\/div>\n\t\t\t\t<div class=\"elementor-element elementor-element-2aa8283 elementor-cta--valign-middle elementor-cta--skin-classic elementor-animated-content elementor-widget elementor-widget-call-to-action\" data-id=\"2aa8283\" data-element_type=\"widget\" data-e-type=\"widget\" data-widget_type=\"call-to-action.default\">\n\t\t\t\t\t\t\t<div class=\"elementor-cta\">\n\t\t\t\t\t\t\t<div class=\"elementor-cta__content\">\n\t\t\t\t\n\t\t\t\t\t\t\t\t\t<h1 class=\"elementor-cta__title elementor-cta__content-item elementor-content-item\">\n\t\t\t\t\t\tVerantwortungsvoll &amp; nachhaltig\t\t\t\t\t<\/h1>\n\t\t\t\t\n\t\t\t\t\n\t\t\t\t\t\t\t<\/div>\n\t\t\t\t\t\t<\/div>\n\t\t\t\t\t\t<\/div>\n\t\t\t\t<div class=\"elementor-element elementor-element-c41a7df elementor-cta--valign-middle elementor-cta--skin-classic elementor-animated-content elementor-widget elementor-widget-call-to-action\" data-id=\"c41a7df\" data-element_type=\"widget\" data-e-type=\"widget\" data-widget_type=\"call-to-action.default\">\n\t\t\t\t\t\t\t<div class=\"elementor-cta\">\n\t\t\t\t\t\t\t<div class=\"elementor-cta__content\">\n\t\t\t\t\n\t\t\t\t\t\t\t\t\t<h2 class=\"elementor-cta__title elementor-cta__content-item elementor-content-item\">\n\t\t\t\t\t\tMit ORBIS engagieren wir uns f\u00fcr Mensch und Umwelt!\t\t\t\t\t<\/h2>\n\t\t\t\t\n\t\t\t\t\n\t\t\t\t\t\t\t<\/div>\n\t\t\t\t\t\t<\/div>\n\t\t\t\t\t\t<\/div>\n\t\t\t\t<div class=\"elementor-element elementor-element-bad0b6a elementor-widget elementor-widget-spacer\" data-id=\"bad0b6a\" data-element_type=\"widget\" data-e-type=\"widget\" data-widget_type=\"spacer.default\">\n\t\t\t\t\t\t\t<div class=\"elementor-spacer\">\n\t\t\t<div class=\"elementor-spacer-inner\"><\/div>\n\t\t<\/div>\n\t\t\t\t\t\t<\/div>\n\t\t\t\t<\/div>\n\t\t<div class=\"elementor-element elementor-element-e801dec e-con-full e-flex e-con e-child\" data-id=\"e801dec\" data-element_type=\"container\" data-e-type=\"container\">\n\t\t\t\t<\/div>\n\t\t\t\t\t<\/div>\n\t\t\t\t<\/div>\n\t\t<div class=\"elementor-element elementor-element-dacb8a5 e-flex e-con-boxed e-con e-parent\" data-id=\"dacb8a5\" data-element_type=\"container\" data-e-type=\"container\" data-settings=\"{&quot;background_background&quot;:&quot;classic&quot;}\">\n\t\t\t\t\t<div class=\"e-con-inner\">\n\t\t<div class=\"elementor-element elementor-element-f8ffdfc e-con-full e-flex e-con e-child\" data-id=\"f8ffdfc\" data-element_type=\"container\" data-e-type=\"container\">\n\t\t\t\t<div class=\"elementor-element elementor-element-4ca7d2f elementor-widget elementor-widget-heading\" data-id=\"4ca7d2f\" data-element_type=\"widget\" data-e-type=\"widget\" data-widget_type=\"heading.default\">\n\t\t\t\t\t<h4 class=\"elementor-heading-title elementor-size-default\">F\u00fcr drinnen und drau\u00dfen<\/h4>\t\t\t\t<\/div>\n\t\t\t\t<\/div>\n\t\t<div class=\"elementor-element elementor-element-72a718f e-con-full e-flex e-con e-child\" data-id=\"72a718f\" data-element_type=\"container\" data-e-type=\"container\">\n\t\t\t\t<div class=\"elementor-element elementor-element-b26bc15 elementor-widget elementor-widget-heading\" data-id=\"b26bc15\" data-element_type=\"widget\" data-e-type=\"widget\" data-widget_type=\"heading.default\">\n\t\t\t\t\t<h4 class=\"elementor-heading-title elementor-size-default\">Recyclingmaterial<\/h4>\t\t\t\t<\/div>\n\t\t\t\t<\/div>\n\t\t<div class=\"elementor-element elementor-element-cc0d0ae e-con-full e-flex e-con e-child\" data-id=\"cc0d0ae\" data-element_type=\"container\" data-e-type=\"container\">\n\t\t\t\t<div class=\"elementor-element elementor-element-e3a9f98 elementor-widget elementor-widget-heading\" data-id=\"e3a9f98\" data-element_type=\"widget\" data-e-type=\"widget\" data-widget_type=\"heading.default\">\n\t\t\t\t\t<h4 class=\"elementor-heading-title elementor-size-default\">Nachhaltig und stark<\/h4>\t\t\t\t<\/div>\n\t\t\t\t<\/div>\n\t\t<div class=\"elementor-element elementor-element-64b12c1 e-con-full e-flex e-con e-child\" data-id=\"64b12c1\" data-element_type=\"container\" data-e-type=\"container\">\n\t\t\t\t<div class=\"elementor-element elementor-element-cec8885 elementor-widget elementor-widget-heading\" data-id=\"cec8885\" data-element_type=\"widget\" data-e-type=\"widget\" data-widget_type=\"heading.default\">\n\t\t\t\t\t<h4 class=\"elementor-heading-title elementor-size-default\">Nat\u00fcrliches Aussehen und Gef\u00fchl<\/h4>\t\t\t\t<\/div>\n\t\t\t\t<\/div>\n\t\t\t\t\t<\/div>\n\t\t\t\t<\/div>\n\t\t<div class=\"elementor-element elementor-element-bdbde8b e-con-full e-flex e-con e-parent\" data-id=\"bdbde8b\" data-element_type=\"container\" data-e-type=\"container\" data-settings=\"{&quot;background_background&quot;:&quot;classic&quot;}\">\n\t\t<div class=\"elementor-element elementor-element-09a9b95 e-con-full e-flex e-con e-child\" data-id=\"09a9b95\" data-element_type=\"container\" data-e-type=\"container\">\n\t\t\t\t<div class=\"elementor-element elementor-element-afb67d4 elementor-widget elementor-widget-image\" data-id=\"afb67d4\" data-element_type=\"widget\" data-e-type=\"widget\" data-widget_type=\"image.default\">\n\t\t\t\t\t\t\t\t\t\t\t\t\t\t\t<img fetchpriority=\"high\" decoding=\"async\" width=\"800\" height=\"414\" src=\"https:\/\/www.orbis.garden\/wp-content\/uploads\/2026\/03\/Schermafbeelding-2026-03-19-112731-1024x530.webp\" class=\"attachment-large size-large wp-image-1260\" alt=\"\" srcset=\"https:\/\/www.orbis.garden\/wp-content\/uploads\/2026\/03\/Schermafbeelding-2026-03-19-112731-1024x530.webp 1024w, https:\/\/www.orbis.garden\/wp-content\/uploads\/2026\/03\/Schermafbeelding-2026-03-19-112731-300x155.webp 300w, https:\/\/www.orbis.garden\/wp-content\/uploads\/2026\/03\/Schermafbeelding-2026-03-19-112731-768x398.webp 768w, https:\/\/www.orbis.garden\/wp-content\/uploads\/2026\/03\/Schermafbeelding-2026-03-19-112731-1536x795.webp 1536w, https:\/\/www.orbis.garden\/wp-content\/uploads\/2026\/03\/Schermafbeelding-2026-03-19-112731.webp 1580w\" sizes=\"(max-width: 800px) 100vw, 800px\" \/>\t\t\t\t\t\t\t\t\t\t\t\t\t\t\t<\/div>\n\t\t\t\t<\/div>\n\t\t<div class=\"elementor-element elementor-element-5491f98 e-con-full e-flex e-con e-child\" data-id=\"5491f98\" data-element_type=\"container\" data-e-type=\"container\">\n\t\t\t\t<div class=\"elementor-element elementor-element-3e1e6ff elementor-widget elementor-widget-heading\" data-id=\"3e1e6ff\" data-element_type=\"widget\" data-e-type=\"widget\" data-widget_type=\"heading.default\">\n\t\t\t\t\t<h3 class=\"elementor-heading-title elementor-size-default\">Handgefertigt in<\/br> Vietnam<\/h3>\t\t\t\t<\/div>\n\t\t\t\t<div class=\"elementor-element elementor-element-a26d049 elementor-widget elementor-widget-text-editor\" data-id=\"a26d049\" data-element_type=\"widget\" data-e-type=\"widget\" data-widget_type=\"text-editor.default\">\n\t\t\t\t\t\t\t\t\t<p data-path-to-node=\"5\">Wir bei Orbis glauben an die Kraft menschlicher Handwerkskunst. Deshalb werden unsere unverwechselbaren Weidenk\u00f6rbe f\u00fcr den Au\u00dfenbereich in Vietnam handgefertigt. Hier wird jedes Gestell mit gr\u00f6\u00dfter Sorgfalt montiert und von erfahrenen Flechtern mit hochwertigem Weidengeflecht versehen. Durch dieses Verfahren erhalten die K\u00f6rbe ihr einzigartiges, warmes und nat\u00fcrliches Aussehen, das von Maschinen nicht erreicht werden kann. Das Flechtwerk besteht zu 100 % aus recycelbarem Kunststoff.<\/p><p data-path-to-node=\"6\">Wir sind der Ansicht, dass es wichtig ist, dass diese Handwerkskunst angemessen entlohnt wird. Indem wir uns f\u00fcr eine Produktion unter guten Bedingungen und zu fairen L\u00f6hnen entscheiden, leisten wir einen direkten Beitrag zur lokalen Gemeinschaft. Unsere Innenbeh\u00e4lter hingegen bestehen zu 100 % aus recyceltem Kunststoff und wurden speziell f\u00fcr jahrelangen Einsatz im Freien entwickelt. Auf diese Weise verbinden wir traditionelle Handwerkskunst mit modernen, nachhaltigen Materialien.<\/p>\t\t\t\t\t\t\t\t<\/div>\n\t\t\t\t<div class=\"elementor-element elementor-element-5e92125 elementor-widget elementor-widget-image\" data-id=\"5e92125\" data-element_type=\"widget\" data-e-type=\"widget\" data-widget_type=\"image.default\">\n\t\t\t\t\t\t\t\t\t\t\t\t\t\t\t<img decoding=\"async\" width=\"600\" height=\"200\" src=\"https:\/\/www.orbis.garden\/wp-content\/uploads\/2025\/06\/bzbz-orbis-mini-pond-wateryou1.webp\" class=\"attachment-large size-large wp-image-1309\" alt=\"\" srcset=\"https:\/\/www.orbis.garden\/wp-content\/uploads\/2025\/06\/bzbz-orbis-mini-pond-wateryou1.webp 600w, https:\/\/www.orbis.garden\/wp-content\/uploads\/2025\/06\/bzbz-orbis-mini-pond-wateryou1-300x100.webp 300w\" sizes=\"(max-width: 600px) 100vw, 600px\" \/>\t\t\t\t\t\t\t\t\t\t\t\t\t\t\t<\/div>\n\t\t\t\t<\/div>\n\t\t\t\t<\/div>\n\t\t<div class=\"elementor-element elementor-element-74210d0 e-flex e-con-boxed e-con e-parent\" data-id=\"74210d0\" data-element_type=\"container\" data-e-type=\"container\" data-settings=\"{&quot;background_background&quot;:&quot;classic&quot;}\">\n\t\t\t\t\t<div class=\"e-con-inner\">\n\t\t\t\t<div class=\"elementor-element elementor-element-055a4f8 elementor-widget elementor-widget-spacer\" data-id=\"055a4f8\" data-element_type=\"widget\" data-e-type=\"widget\" data-widget_type=\"spacer.default\">\n\t\t\t\t\t\t\t<div class=\"elementor-spacer\">\n\t\t\t<div class=\"elementor-spacer-inner\"><\/div>\n\t\t<\/div>\n\t\t\t\t\t\t<\/div>\n\t\t\t\t<div class=\"elementor-element elementor-element-386e4f9 elementor-widget elementor-widget-heading\" data-id=\"386e4f9\" data-element_type=\"widget\" data-e-type=\"widget\" data-widget_type=\"heading.default\">\n\t\t\t\t\t<h3 class=\"elementor-heading-title elementor-size-default\">Orbis: Wo vietnamesische Handwerkskunst und niederl\u00e4ndisches Design aufeinandertreffen<\/h3>\t\t\t\t<\/div>\n\t\t\t\t<div class=\"elementor-element elementor-element-a42ba8d elementor-widget elementor-widget-video\" data-id=\"a42ba8d\" data-element_type=\"widget\" data-e-type=\"widget\" data-settings=\"{&quot;video_type&quot;:&quot;hosted&quot;,&quot;controls&quot;:&quot;yes&quot;}\" data-widget_type=\"video.default\">\n\t\t\t\t\t\t\t<div class=\"e-hosted-video elementor-wrapper elementor-open-inline\">\n\t\t\t\t\t<video class=\"elementor-video\" src=\"https:\/\/www.orbis.garden\/wp-content\/uploads\/2026\/04\/Orbis-Vietnam-Interview-Main-V2-voor-website.mp4\" controls=\"\" preload=\"metadata\" controlsList=\"nodownload\"><\/video>\n\t\t\t\t<\/div>\n\t\t\t\t\t\t<\/div>\n\t\t\t\t<div class=\"elementor-element elementor-element-4b094fb elementor-widget elementor-widget-spacer\" data-id=\"4b094fb\" data-element_type=\"widget\" data-e-type=\"widget\" data-widget_type=\"spacer.default\">\n\t\t\t\t\t\t\t<div class=\"elementor-spacer\">\n\t\t\t<div class=\"elementor-spacer-inner\"><\/div>\n\t\t<\/div>\n\t\t\t\t\t\t<\/div>\n\t\t\t\t\t<\/div>\n\t\t\t\t<\/div>\n\t\t<div class=\"elementor-element elementor-element-1ae7fe0 e-flex e-con-boxed e-con e-parent\" data-id=\"1ae7fe0\" data-element_type=\"container\" data-e-type=\"container\">\n\t\t\t\t\t<div class=\"e-con-inner\">\n\t\t\t\t<div class=\"elementor-element elementor-element-885182e elementor-widget elementor-widget-spacer\" data-id=\"885182e\" data-element_type=\"widget\" data-e-type=\"widget\" data-widget_type=\"spacer.default\">\n\t\t\t\t\t\t\t<div class=\"elementor-spacer\">\n\t\t\t<div class=\"elementor-spacer-inner\"><\/div>\n\t\t<\/div>\n\t\t\t\t\t\t<\/div>\n\t\t\t\t\t<\/div>\n\t\t\t\t<\/div>\n\t\t\t\t<\/div>\n\t\t","protected":false},"excerpt":{"rendered":"<p>Verantwortungsvoll &amp; nachhaltig Mit ORBIS engagieren wir uns f\u00fcr Mensch und Umwelt! F\u00fcr drinnen und drau\u00dfen Recyclingmaterial Nachhaltig und stark Nat\u00fcrliches Aussehen und Gef\u00fchl Handgefertigt in Vietnam Wir bei Orbis glauben an die Kraft menschlicher Handwerkskunst. Deshalb werden unsere unverwechselbaren Weidenk\u00f6rbe f\u00fcr den Au\u00dfenbereich in Vietnam handgefertigt. Hier wird jedes Gestell mit gr\u00f6\u00dfter Sorgfalt montiert [&hellip;]<\/p>\n","protected":false},"author":1,"featured_media":0,"parent":0,"menu_order":0,"comment_status":"closed","ping_status":"closed","template":"","meta":{"footnotes":""},"class_list":["post-1310","page","type-page","status-publish","hentry"],"_links":{"self":[{"href":"https:\/\/www.orbis.garden\/de\/wp-json\/wp\/v2\/pages\/1310","targetHints":{"allow":["GET"]}}],"collection":[{"href":"https:\/\/www.orbis.garden\/de\/wp-json\/wp\/v2\/pages"}],"about":[{"href":"https:\/\/www.orbis.garden\/de\/wp-json\/wp\/v2\/types\/page"}],"author":[{"embeddable":true,"href":"https:\/\/www.orbis.garden\/de\/wp-json\/wp\/v2\/users\/1"}],"replies":[{"embeddable":true,"href":"https:\/\/www.orbis.garden\/de\/wp-json\/wp\/v2\/comments?post=1310"}],"version-history":[{"count":1,"href":"https:\/\/www.orbis.garden\/de\/wp-json\/wp\/v2\/pages\/1310\/revisions"}],"predecessor-version":[{"id":1312,"href":"https:\/\/www.orbis.garden\/de\/wp-json\/wp\/v2\/pages\/1310\/revisions\/1312"}],"wp:attachment":[{"href":"https:\/\/www.orbis.garden\/de\/wp-json\/wp\/v2\/media?parent=1310"}],"curies":[{"name":"wp","href":"https:\/\/api.w.org\/{rel}","templated":true}]}}