{"id":1306,"date":"2026-03-24T14:37:48","date_gmt":"2026-03-24T14:37:48","guid":{"rendered":"https:\/\/www.orbis.garden\/responsable-et-durable\/"},"modified":"2026-04-07T13:12:25","modified_gmt":"2026-04-07T13:12:25","slug":"responsable-et-durable","status":"publish","type":"page","link":"https:\/\/www.orbis.garden\/fr\/responsable-et-durable\/","title":{"rendered":"Responsable et durable"},"content":{"rendered":"\t\t<div data-elementor-type=\"wp-page\" data-elementor-id=\"1306\" class=\"elementor elementor-1306 elementor-947\" data-elementor-post-type=\"page\">\n\t\t\t\t<div class=\"elementor-element elementor-element-a312017 e-flex e-con-boxed e-con e-parent\" data-id=\"a312017\" data-element_type=\"container\" data-e-type=\"container\" data-settings=\"{&quot;background_background&quot;:&quot;classic&quot;}\">\n\t\t\t\t\t<div class=\"e-con-inner\">\n\t\t<div class=\"elementor-element elementor-element-723bb91 e-con-full e-flex e-con e-child\" data-id=\"723bb91\" data-element_type=\"container\" data-e-type=\"container\">\n\t\t\t\t<div class=\"elementor-element elementor-element-1435115 elementor-widget elementor-widget-spacer\" data-id=\"1435115\" data-element_type=\"widget\" data-e-type=\"widget\" data-widget_type=\"spacer.default\">\n\t\t\t\t\t\t\t<div class=\"elementor-spacer\">\n\t\t\t<div class=\"elementor-spacer-inner\"><\/div>\n\t\t<\/div>\n\t\t\t\t\t\t<\/div>\n\t\t\t\t<div class=\"elementor-element elementor-element-2aa8283 elementor-cta--valign-middle elementor-cta--skin-classic elementor-animated-content elementor-widget elementor-widget-call-to-action\" data-id=\"2aa8283\" data-element_type=\"widget\" data-e-type=\"widget\" data-widget_type=\"call-to-action.default\">\n\t\t\t\t\t\t\t<div class=\"elementor-cta\">\n\t\t\t\t\t\t\t<div class=\"elementor-cta__content\">\n\t\t\t\t\n\t\t\t\t\t\t\t\t\t<h1 class=\"elementor-cta__title elementor-cta__content-item elementor-content-item\">\n\t\t\t\t\t\tResponsable et durable\t\t\t\t\t<\/h1>\n\t\t\t\t\n\t\t\t\t\n\t\t\t\t\t\t\t<\/div>\n\t\t\t\t\t\t<\/div>\n\t\t\t\t\t\t<\/div>\n\t\t\t\t<div class=\"elementor-element elementor-element-c41a7df elementor-cta--valign-middle elementor-cta--skin-classic elementor-animated-content elementor-widget elementor-widget-call-to-action\" data-id=\"c41a7df\" data-element_type=\"widget\" data-e-type=\"widget\" data-widget_type=\"call-to-action.default\">\n\t\t\t\t\t\t\t<div class=\"elementor-cta\">\n\t\t\t\t\t\t\t<div class=\"elementor-cta__content\">\n\t\t\t\t\n\t\t\t\t\t\t\t\t\t<h2 class=\"elementor-cta__title elementor-cta__content-item elementor-content-item\">\n\t\t\t\t\t\tAvec ORBIS, nous sommes engag\u00e9s envers les personnes et l'environnement !\t\t\t\t\t<\/h2>\n\t\t\t\t\n\t\t\t\t\n\t\t\t\t\t\t\t<\/div>\n\t\t\t\t\t\t<\/div>\n\t\t\t\t\t\t<\/div>\n\t\t\t\t<div class=\"elementor-element elementor-element-bad0b6a elementor-widget elementor-widget-spacer\" data-id=\"bad0b6a\" data-element_type=\"widget\" data-e-type=\"widget\" data-widget_type=\"spacer.default\">\n\t\t\t\t\t\t\t<div class=\"elementor-spacer\">\n\t\t\t<div class=\"elementor-spacer-inner\"><\/div>\n\t\t<\/div>\n\t\t\t\t\t\t<\/div>\n\t\t\t\t<\/div>\n\t\t<div class=\"elementor-element elementor-element-e801dec e-con-full e-flex e-con e-child\" data-id=\"e801dec\" data-element_type=\"container\" data-e-type=\"container\">\n\t\t\t\t<\/div>\n\t\t\t\t\t<\/div>\n\t\t\t\t<\/div>\n\t\t<div class=\"elementor-element elementor-element-dacb8a5 e-flex e-con-boxed e-con e-parent\" data-id=\"dacb8a5\" data-element_type=\"container\" data-e-type=\"container\" data-settings=\"{&quot;background_background&quot;:&quot;classic&quot;}\">\n\t\t\t\t\t<div class=\"e-con-inner\">\n\t\t<div class=\"elementor-element elementor-element-f8ffdfc e-con-full e-flex e-con e-child\" data-id=\"f8ffdfc\" data-element_type=\"container\" data-e-type=\"container\">\n\t\t\t\t<div class=\"elementor-element elementor-element-4ca7d2f elementor-widget elementor-widget-heading\" data-id=\"4ca7d2f\" data-element_type=\"widget\" data-e-type=\"widget\" data-widget_type=\"heading.default\">\n\t\t\t\t\t<h4 class=\"elementor-heading-title elementor-size-default\">Pour l'int\u00e9rieur et l'ext\u00e9rieur<\/h4>\t\t\t\t<\/div>\n\t\t\t\t<\/div>\n\t\t<div class=\"elementor-element elementor-element-72a718f e-con-full e-flex e-con e-child\" data-id=\"72a718f\" data-element_type=\"container\" data-e-type=\"container\">\n\t\t\t\t<div class=\"elementor-element elementor-element-b26bc15 elementor-widget elementor-widget-heading\" data-id=\"b26bc15\" data-element_type=\"widget\" data-e-type=\"widget\" data-widget_type=\"heading.default\">\n\t\t\t\t\t<h4 class=\"elementor-heading-title elementor-size-default\">Mat\u00e9riaux recycl\u00e9s<\/h4>\t\t\t\t<\/div>\n\t\t\t\t<\/div>\n\t\t<div class=\"elementor-element elementor-element-cc0d0ae e-con-full e-flex e-con e-child\" data-id=\"cc0d0ae\" data-element_type=\"container\" data-e-type=\"container\">\n\t\t\t\t<div class=\"elementor-element elementor-element-e3a9f98 elementor-widget elementor-widget-heading\" data-id=\"e3a9f98\" data-element_type=\"widget\" data-e-type=\"widget\" data-widget_type=\"heading.default\">\n\t\t\t\t\t<h4 class=\"elementor-heading-title elementor-size-default\">Durable et solide<\/h4>\t\t\t\t<\/div>\n\t\t\t\t<\/div>\n\t\t<div class=\"elementor-element elementor-element-64b12c1 e-con-full e-flex e-con e-child\" data-id=\"64b12c1\" data-element_type=\"container\" data-e-type=\"container\">\n\t\t\t\t<div class=\"elementor-element elementor-element-cec8885 elementor-widget elementor-widget-heading\" data-id=\"cec8885\" data-element_type=\"widget\" data-e-type=\"widget\" data-widget_type=\"heading.default\">\n\t\t\t\t\t<h4 class=\"elementor-heading-title elementor-size-default\">Aspect et sensation naturels<\/h4>\t\t\t\t<\/div>\n\t\t\t\t<\/div>\n\t\t\t\t\t<\/div>\n\t\t\t\t<\/div>\n\t\t<div class=\"elementor-element elementor-element-bdbde8b e-con-full e-flex e-con e-parent\" data-id=\"bdbde8b\" data-element_type=\"container\" data-e-type=\"container\" data-settings=\"{&quot;background_background&quot;:&quot;classic&quot;}\">\n\t\t<div class=\"elementor-element elementor-element-09a9b95 e-con-full e-flex e-con e-child\" data-id=\"09a9b95\" data-element_type=\"container\" data-e-type=\"container\">\n\t\t\t\t<div class=\"elementor-element elementor-element-afb67d4 elementor-widget elementor-widget-image\" data-id=\"afb67d4\" data-element_type=\"widget\" data-e-type=\"widget\" data-widget_type=\"image.default\">\n\t\t\t\t\t\t\t\t\t\t\t\t\t\t\t<img fetchpriority=\"high\" decoding=\"async\" width=\"800\" height=\"414\" src=\"https:\/\/www.orbis.garden\/wp-content\/uploads\/2026\/03\/Schermafbeelding-2026-03-19-112731-1024x530.webp\" class=\"attachment-large size-large wp-image-1272\" alt=\"\" srcset=\"https:\/\/www.orbis.garden\/wp-content\/uploads\/2026\/03\/Schermafbeelding-2026-03-19-112731-1024x530.webp 1024w, https:\/\/www.orbis.garden\/wp-content\/uploads\/2026\/03\/Schermafbeelding-2026-03-19-112731-300x155.webp 300w, https:\/\/www.orbis.garden\/wp-content\/uploads\/2026\/03\/Schermafbeelding-2026-03-19-112731-768x398.webp 768w, https:\/\/www.orbis.garden\/wp-content\/uploads\/2026\/03\/Schermafbeelding-2026-03-19-112731-1536x795.webp 1536w, https:\/\/www.orbis.garden\/wp-content\/uploads\/2026\/03\/Schermafbeelding-2026-03-19-112731.webp 1580w\" sizes=\"(max-width: 800px) 100vw, 800px\" \/>\t\t\t\t\t\t\t\t\t\t\t\t\t\t\t<\/div>\n\t\t\t\t<\/div>\n\t\t<div class=\"elementor-element elementor-element-5491f98 e-con-full e-flex e-con e-child\" data-id=\"5491f98\" data-element_type=\"container\" data-e-type=\"container\">\n\t\t\t\t<div class=\"elementor-element elementor-element-3e1e6ff elementor-widget elementor-widget-heading\" data-id=\"3e1e6ff\" data-element_type=\"widget\" data-e-type=\"widget\" data-widget_type=\"heading.default\">\n\t\t\t\t\t<h3 class=\"elementor-heading-title elementor-size-default\">Fait main au <\/br>Vietnam<\/h3>\t\t\t\t<\/div>\n\t\t\t\t<div class=\"elementor-element elementor-element-a26d049 elementor-widget elementor-widget-text-editor\" data-id=\"a26d049\" data-element_type=\"widget\" data-e-type=\"widget\" data-widget_type=\"text-editor.default\">\n\t\t\t\t\t\t\t\t\t<p data-path-to-node=\"5\">Chez Orbis, nous croyons au pouvoir du savoir-faire humain. C\u2019est pourquoi nos paniers d\u2019ext\u00e9rieur en osier, si particuliers, sont fabriqu\u00e9s artisanalement au Vietnam. Ici, chaque cadre est assembl\u00e9 avec le plus grand soin et garni d&rsquo;osier de haute qualit\u00e9 par des tisserands exp\u00e9riment\u00e9s. Ce proc\u00e9d\u00e9 conf\u00e8re aux paniers leur aspect unique, chaleureux et naturel, impossible \u00e0 reproduire par des machines. L&rsquo;osier est fabriqu\u00e9 \u00e0 partir de plastique 100% recyclable.<\/p><p data-path-to-node=\"6\">Nous pensons qu&rsquo;il est important que ce savoir-faire soit justement r\u00e9mun\u00e9r\u00e9. En choisissant une production dans de bonnes conditions et pour une r\u00e9mun\u00e9ration \u00e9quitable, nous contribuons directement \u00e0 la communaut\u00e9 locale. Nos contenants int\u00e9rieurs, quant \u00e0 eux, sont fabriqu\u00e9s \u00e0 partir de plastique 100% recycl\u00e9, sp\u00e9cialement con\u00e7u pour une utilisation ext\u00e9rieure pendant des ann\u00e9es. Nous associons ainsi le savoir-faire traditionnel aux mat\u00e9riaux modernes et durables.<\/p>\t\t\t\t\t\t\t\t<\/div>\n\t\t\t\t<div class=\"elementor-element elementor-element-5e92125 elementor-widget elementor-widget-image\" data-id=\"5e92125\" data-element_type=\"widget\" data-e-type=\"widget\" data-widget_type=\"image.default\">\n\t\t\t\t\t\t\t\t\t\t\t\t\t\t\t<img decoding=\"async\" width=\"600\" height=\"200\" src=\"https:\/\/www.orbis.garden\/wp-content\/uploads\/2025\/06\/bzbz-orbis-mini-pond-wateryou1.webp\" class=\"attachment-large size-large wp-image-1305\" alt=\"\" srcset=\"https:\/\/www.orbis.garden\/wp-content\/uploads\/2025\/06\/bzbz-orbis-mini-pond-wateryou1.webp 600w, https:\/\/www.orbis.garden\/wp-content\/uploads\/2025\/06\/bzbz-orbis-mini-pond-wateryou1-300x100.webp 300w\" sizes=\"(max-width: 600px) 100vw, 600px\" \/>\t\t\t\t\t\t\t\t\t\t\t\t\t\t\t<\/div>\n\t\t\t\t<\/div>\n\t\t\t\t<\/div>\n\t\t<div class=\"elementor-element elementor-element-74210d0 e-flex e-con-boxed e-con e-parent\" data-id=\"74210d0\" data-element_type=\"container\" data-e-type=\"container\" data-settings=\"{&quot;background_background&quot;:&quot;classic&quot;}\">\n\t\t\t\t\t<div class=\"e-con-inner\">\n\t\t\t\t<div class=\"elementor-element elementor-element-055a4f8 elementor-widget elementor-widget-spacer\" data-id=\"055a4f8\" data-element_type=\"widget\" data-e-type=\"widget\" data-widget_type=\"spacer.default\">\n\t\t\t\t\t\t\t<div class=\"elementor-spacer\">\n\t\t\t<div class=\"elementor-spacer-inner\"><\/div>\n\t\t<\/div>\n\t\t\t\t\t\t<\/div>\n\t\t\t\t<div class=\"elementor-element elementor-element-386e4f9 elementor-widget elementor-widget-heading\" data-id=\"386e4f9\" data-element_type=\"widget\" data-e-type=\"widget\" data-widget_type=\"heading.default\">\n\t\t\t\t\t<h3 class=\"elementor-heading-title elementor-size-default\">Orbis : la rencontre entre l'artisanat vietnamien et le design n\u00e9erlandais<\/h3>\t\t\t\t<\/div>\n\t\t\t\t<div class=\"elementor-element elementor-element-a42ba8d elementor-widget elementor-widget-video\" data-id=\"a42ba8d\" data-element_type=\"widget\" data-e-type=\"widget\" data-settings=\"{&quot;video_type&quot;:&quot;hosted&quot;,&quot;controls&quot;:&quot;yes&quot;}\" data-widget_type=\"video.default\">\n\t\t\t\t\t\t\t<div class=\"e-hosted-video elementor-wrapper elementor-open-inline\">\n\t\t\t\t\t<video class=\"elementor-video\" src=\"https:\/\/www.orbis.garden\/wp-content\/uploads\/2026\/04\/Orbis-Vietnam-Interview-Main-V2-voor-website.mp4\" controls=\"\" preload=\"metadata\" controlsList=\"nodownload\"><\/video>\n\t\t\t\t<\/div>\n\t\t\t\t\t\t<\/div>\n\t\t\t\t<div class=\"elementor-element elementor-element-4b094fb elementor-widget elementor-widget-spacer\" data-id=\"4b094fb\" data-element_type=\"widget\" data-e-type=\"widget\" data-widget_type=\"spacer.default\">\n\t\t\t\t\t\t\t<div class=\"elementor-spacer\">\n\t\t\t<div class=\"elementor-spacer-inner\"><\/div>\n\t\t<\/div>\n\t\t\t\t\t\t<\/div>\n\t\t\t\t\t<\/div>\n\t\t\t\t<\/div>\n\t\t<div class=\"elementor-element elementor-element-1ae7fe0 e-flex e-con-boxed e-con e-parent\" data-id=\"1ae7fe0\" data-element_type=\"container\" data-e-type=\"container\">\n\t\t\t\t\t<div class=\"e-con-inner\">\n\t\t\t\t<div class=\"elementor-element elementor-element-885182e elementor-widget elementor-widget-spacer\" data-id=\"885182e\" data-element_type=\"widget\" data-e-type=\"widget\" data-widget_type=\"spacer.default\">\n\t\t\t\t\t\t\t<div class=\"elementor-spacer\">\n\t\t\t<div class=\"elementor-spacer-inner\"><\/div>\n\t\t<\/div>\n\t\t\t\t\t\t<\/div>\n\t\t\t\t\t<\/div>\n\t\t\t\t<\/div>\n\t\t\t\t<\/div>\n\t\t","protected":false},"excerpt":{"rendered":"<p>Responsable et durable Avec ORBIS, nous sommes engag\u00e9s envers les personnes et l&rsquo;environnement ! Pour l&rsquo;int\u00e9rieur et l&rsquo;ext\u00e9rieur Mat\u00e9riaux recycl\u00e9s Durable et solide Aspect et sensation naturels Fait main au Vietnam Chez Orbis, nous croyons au pouvoir du savoir-faire humain. C\u2019est pourquoi nos paniers d\u2019ext\u00e9rieur en osier, si particuliers, sont fabriqu\u00e9s artisanalement au Vietnam. Ici, [&hellip;]<\/p>\n","protected":false},"author":1,"featured_media":0,"parent":0,"menu_order":0,"comment_status":"closed","ping_status":"closed","template":"","meta":{"footnotes":""},"class_list":["post-1306","page","type-page","status-publish","hentry"],"_links":{"self":[{"href":"https:\/\/www.orbis.garden\/fr\/wp-json\/wp\/v2\/pages\/1306","targetHints":{"allow":["GET"]}}],"collection":[{"href":"https:\/\/www.orbis.garden\/fr\/wp-json\/wp\/v2\/pages"}],"about":[{"href":"https:\/\/www.orbis.garden\/fr\/wp-json\/wp\/v2\/types\/page"}],"author":[{"embeddable":true,"href":"https:\/\/www.orbis.garden\/fr\/wp-json\/wp\/v2\/users\/1"}],"replies":[{"embeddable":true,"href":"https:\/\/www.orbis.garden\/fr\/wp-json\/wp\/v2\/comments?post=1306"}],"version-history":[{"count":1,"href":"https:\/\/www.orbis.garden\/fr\/wp-json\/wp\/v2\/pages\/1306\/revisions"}],"predecessor-version":[{"id":1308,"href":"https:\/\/www.orbis.garden\/fr\/wp-json\/wp\/v2\/pages\/1306\/revisions\/1308"}],"wp:attachment":[{"href":"https:\/\/www.orbis.garden\/fr\/wp-json\/wp\/v2\/media?parent=1306"}],"curies":[{"name":"wp","href":"https:\/\/api.w.org\/{rel}","templated":true}]}}